{"id":961,"date":"2017-12-18T09:51:56","date_gmt":"2017-12-18T08:51:56","guid":{"rendered":"http:\/\/studioka1.pl\/?page_id=961"},"modified":"2017-12-18T10:03:30","modified_gmt":"2017-12-18T09:03:30","slug":"budynki-jednorodzinne-zabudowie-blizniaczej","status":"publish","type":"page","link":"http:\/\/studioka1.pl\/?page_id=961","title":{"rendered":"BUDYNKI JEDNORODZINNE W ZABUDOWIE BLI\u0179NIACZEJ"},"content":{"rendered":"<table width=\"643\" cellspacing=\"0\" cellpadding=\"4\" border=\"0\">\n<colgroup>\n<col width=\"137\">\n<col width=\"490\"> <\/colgroup>\n<tbody>\n<tr valign=\"TOP\">\n<td width=\"137\"><span style=\"font-family: Arial, sans-serif;\"><span style=\"font-size: small;\">OBIEKT:<\/span><\/span><\/td>\n<td width=\"490\"><span style=\"color: #999999;\"><span style=\"font-family: Arial, sans-serif;\"><span style=\"font-size: small;\"><b>BUDYNKI JEDNORODZINNE W ZABUDOWIE BLI\u017bNIACZEJ<\/b><\/span><\/span><\/span><\/td>\n<\/tr>\n<tr valign=\"TOP\">\n<td width=\"137\"><span style=\"font-family: Arial, sans-serif;\"><span style=\"font-size: small;\">LOKALIZACJA:<\/span><\/span><\/td>\n<td width=\"490\"><span style=\"color: #999999;\"><span style=\"font-family: Arial, sans-serif;\"><span style=\"font-size: small;\">MOSTY<\/span><\/span><\/span><\/td>\n<\/tr>\n<tr valign=\"TOP\">\n<td width=\"137\"><span style=\"font-family: Arial, sans-serif;\"><span style=\"font-size: small;\">ZAKRES:<\/span><\/span><\/td>\n<td width=\"490\"><span style=\"color: #999999;\"><span style=\"font-family: Arial, sans-serif;\"><span style=\"font-size: small;\">PROJEKT KONCEPCYJNY, PROJEKT BUDOWLANY<\/span><\/span><\/span><\/td>\n<\/tr>\n<tr valign=\"TOP\">\n<td width=\"137\"><span style=\"font-family: Arial, sans-serif;\"><span style=\"font-size: small;\">WSP\u00d3\u0141PRACA:<\/span><\/span><\/td>\n<td width=\"490\"><span style=\"color: #999999;\"><span style=\"font-family: Arial, sans-serif;\"><span style=\"font-size: small;\">CONSTRUCTIVA SP. Z O.O.<\/span><\/span><\/span><\/td>\n<\/tr>\n<tr valign=\"TOP\">\n<td width=\"137\"><span style=\"font-family: Arial, sans-serif;\"><span style=\"font-size: small;\">PROJEKT:<\/span><\/span><\/td>\n<td width=\"490\"><span style=\"color: #999999;\"><span style=\"font-family: Arial, sans-serif;\"><span style=\"font-size: small;\">2016<\/span><\/span><\/span><\/td>\n<\/tr>\n<\/tbody>\n<\/table>\nngg_shortcode_0_placeholder\n","protected":false},"excerpt":{"rendered":"<p>OBIEKT: BUDYNKI JEDNORODZINNE W ZABUDOWIE BLI\u017bNIACZEJ LOKALIZACJA: MOSTY ZAKRES: PROJEKT KONCEPCYJNY, PROJEKT BUDOWLANY WSP\u00d3\u0141PRACA: CONSTRUCTIVA SP. Z O.O. PROJEKT: 2016<\/p>\n","protected":false},"author":1,"featured_media":0,"parent":11,"menu_order":0,"comment_status":"closed","ping_status":"closed","template":"","meta":{"ngg_post_thumbnail":0,"footnotes":""},"class_list":["post-961","page","type-page","status-publish","hentry"],"_links":{"self":[{"href":"http:\/\/studioka1.pl\/index.php?rest_route=\/wp\/v2\/pages\/961","targetHints":{"allow":["GET"]}}],"collection":[{"href":"http:\/\/studioka1.pl\/index.php?rest_route=\/wp\/v2\/pages"}],"about":[{"href":"http:\/\/studioka1.pl\/index.php?rest_route=\/wp\/v2\/types\/page"}],"author":[{"embeddable":true,"href":"http:\/\/studioka1.pl\/index.php?rest_route=\/wp\/v2\/users\/1"}],"replies":[{"embeddable":true,"href":"http:\/\/studioka1.pl\/index.php?rest_route=%2Fwp%2Fv2%2Fcomments&post=961"}],"version-history":[{"count":2,"href":"http:\/\/studioka1.pl\/index.php?rest_route=\/wp\/v2\/pages\/961\/revisions"}],"predecessor-version":[{"id":968,"href":"http:\/\/studioka1.pl\/index.php?rest_route=\/wp\/v2\/pages\/961\/revisions\/968"}],"up":[{"embeddable":true,"href":"http:\/\/studioka1.pl\/index.php?rest_route=\/wp\/v2\/pages\/11"}],"wp:attachment":[{"href":"http:\/\/studioka1.pl\/index.php?rest_route=%2Fwp%2Fv2%2Fmedia&parent=961"}],"curies":[{"name":"wp","href":"https:\/\/api.w.org\/{rel}","templated":true}]}}