{"id":954,"date":"2017-12-18T09:42:01","date_gmt":"2017-12-18T08:42:01","guid":{"rendered":"http:\/\/studioka1.pl\/?page_id=954"},"modified":"2017-12-18T09:50:54","modified_gmt":"2017-12-18T08:50:54","slug":"przebudowa-chalupy","status":"publish","type":"page","link":"http:\/\/studioka1.pl\/?page_id=954","title":{"rendered":"PRZEBUDOWA CHA\u0141UPY"},"content":{"rendered":"<table width=\"100%\" cellspacing=\"0\" cellpadding=\"4\" border=\"0\">\n<colgroup>\n<col width=\"58*\">\n<col width=\"198*\"> <\/colgroup>\n<tbody>\n<tr valign=\"TOP\">\n<td width=\"23%\"><span style=\"color: #000000;\"><span style=\"font-family: Arial, sans-serif;\"><span style=\"font-size: small;\">OBIEKT:<\/span><\/span><\/span><\/td>\n<td width=\"77%\"><span style=\"color: #999999;\"><span style=\"font-family: Arial, sans-serif;\"><span style=\"font-size: small;\"><b>PRZEBUDOWA BUDYNKU MIESZKALNEGO<\/b><\/span><\/span><\/span><\/td>\n<\/tr>\n<tr valign=\"TOP\">\n<td width=\"23%\"><span style=\"color: #000000;\"><span style=\"font-family: Arial, sans-serif;\"><span style=\"font-size: small;\">LOKALIZACJA:<\/span><\/span><\/span><\/td>\n<td width=\"77%\"><span style=\"color: #999999;\"><span style=\"font-family: Arial, sans-serif;\"><span style=\"font-size: small;\">CHA\u0141UPY<\/span><\/span><\/span><\/td>\n<\/tr>\n<tr valign=\"TOP\">\n<td width=\"23%\"><span style=\"color: #000000;\"><span style=\"font-family: Arial, sans-serif;\"><span style=\"font-size: small;\">ZAKRES:<\/span><\/span><\/span><\/td>\n<td width=\"77%\"><span style=\"color: #999999;\"><span style=\"font-family: Arial, sans-serif;\"><span style=\"font-size: small;\">PROJEKT BUDOWLANY<\/span><\/span><\/span><\/td>\n<\/tr>\n<tr valign=\"TOP\">\n<td width=\"23%\"><span style=\"color: #000000;\"><span style=\"font-family: Arial, sans-serif;\"><span style=\"font-size: small;\">WSP\u00d3\u0141PRACA:<\/span><\/span><\/span><\/td>\n<td width=\"77%\"><span style=\"color: #999999;\"><span style=\"font-family: Arial, sans-serif;\"><span style=\"font-size: small;\">PUP i NI H. SZCZEPANKOWSKA <\/span><\/span><\/span><\/td>\n<\/tr>\n<tr valign=\"TOP\">\n<td width=\"23%\"><span style=\"color: #000000;\"><span style=\"font-family: Arial, sans-serif;\"><span style=\"font-size: small;\">PROJEKT:<\/span><\/span><\/span><\/p>\n<p><span style=\"color: #000000;\"><span style=\"font-family: Arial, sans-serif;\"><span style=\"font-size: small;\">REALIZACJA:<\/span><\/span><\/span><\/td>\n<td width=\"77%\"><span style=\"color: #999999;\"><span style=\"font-family: Arial, sans-serif;\"><span style=\"font-size: small;\">2015<\/span><\/span><\/span><\/p>\n<p><span style=\"color: #999999;\"><span style=\"font-family: Arial, sans-serif;\"><span style=\"font-size: small;\">2015<\/span><\/span><\/span><\/td>\n<\/tr>\n<\/tbody>\n<\/table>\nngg_shortcode_0_placeholder\n","protected":false},"excerpt":{"rendered":"<p>OBIEKT: PRZEBUDOWA BUDYNKU MIESZKALNEGO LOKALIZACJA: CHA\u0141UPY ZAKRES: PROJEKT BUDOWLANY WSP\u00d3\u0141PRACA: PUP i NI H. SZCZEPANKOWSKA PROJEKT: REALIZACJA: 2015 2015<\/p>\n","protected":false},"author":1,"featured_media":0,"parent":11,"menu_order":0,"comment_status":"closed","ping_status":"closed","template":"","meta":{"ngg_post_thumbnail":0,"footnotes":""},"class_list":["post-954","page","type-page","status-publish","hentry"],"_links":{"self":[{"href":"http:\/\/studioka1.pl\/index.php?rest_route=\/wp\/v2\/pages\/954","targetHints":{"allow":["GET"]}}],"collection":[{"href":"http:\/\/studioka1.pl\/index.php?rest_route=\/wp\/v2\/pages"}],"about":[{"href":"http:\/\/studioka1.pl\/index.php?rest_route=\/wp\/v2\/types\/page"}],"author":[{"embeddable":true,"href":"http:\/\/studioka1.pl\/index.php?rest_route=\/wp\/v2\/users\/1"}],"replies":[{"embeddable":true,"href":"http:\/\/studioka1.pl\/index.php?rest_route=%2Fwp%2Fv2%2Fcomments&post=954"}],"version-history":[{"count":3,"href":"http:\/\/studioka1.pl\/index.php?rest_route=\/wp\/v2\/pages\/954\/revisions"}],"predecessor-version":[{"id":960,"href":"http:\/\/studioka1.pl\/index.php?rest_route=\/wp\/v2\/pages\/954\/revisions\/960"}],"up":[{"embeddable":true,"href":"http:\/\/studioka1.pl\/index.php?rest_route=\/wp\/v2\/pages\/11"}],"wp:attachment":[{"href":"http:\/\/studioka1.pl\/index.php?rest_route=%2Fwp%2Fv2%2Fmedia&parent=954"}],"curies":[{"name":"wp","href":"https:\/\/api.w.org\/{rel}","templated":true}]}}