{"id":601,"date":"2016-12-15T11:34:45","date_gmt":"2016-12-15T10:34:45","guid":{"rendered":"http:\/\/studioka1.pl\/?page_id=601"},"modified":"2017-01-12T14:07:34","modified_gmt":"2017-01-12T13:07:34","slug":"rozbudowa-budynku-handlowo-uslugowego-suchy-dwor","status":"publish","type":"page","link":"http:\/\/studioka1.pl\/?page_id=601","title":{"rendered":"ROZBUDOWA BUDYNKU HANDLOWO-US\u0141UGOWEGO SUCHY DW\u00d3R"},"content":{"rendered":"<style type=\"text\/css\">\n\t<!-- @page { size: 21cm 29.7cm; margin: 2cm } P { margin-bottom: 0.21cm } --><br \/>\t<\/style>\n<p><a href=\"http:\/\/studioka1.pl\/?page_id=11\"><img loading=\"lazy\" decoding=\"async\" class=\"wp-image-716 alignright\" src=\"http:\/\/studioka1.pl\/wp-content\/uploads\/2017\/01\/krzy\u017cyk2.gif\" width=\"22\" height=\"22\"><\/a><\/p>\n<p>&nbsp;<\/p>\n<table width=\"100%\" cellspacing=\"0\" cellpadding=\"4\" border=\"0\">\n<colgroup>\n<col width=\"58*\">\n<col width=\"198*\"> <\/colgroup>\n<tbody>\n<tr valign=\"TOP\">\n<td width=\"23%\"><span style=\"color: #808080;\"><span style=\"font-family: Arial,sans-serif;\"><span style=\"font-size: small;\">OBIEKT:<\/span><\/span><\/span><\/td>\n<td width=\"77%\"><span style=\"color: #000000;\"><span style=\"font-family: Arial,sans-serif;\"><span style=\"font-size: small;\"><span style=\"color: #808080;\"><b>ROZBUDOWA BUDYNKU HANDLOWO-US\u0141UGOWEGO<\/b><\/span><\/span><\/span><\/span><\/td>\n<\/tr>\n<tr valign=\"TOP\">\n<td width=\"23%\"><span style=\"color: #808080;\"><span style=\"font-family: Arial,sans-serif;\"><span style=\"font-size: small;\">LOKALIZACJA:<\/span><\/span><\/span><\/td>\n<td width=\"77%\"><span style=\"color: #000000;\"><span style=\"font-family: Arial,sans-serif;\"><span style=\"font-size: small;\"><span style=\"color: #808080;\">SUCHY DW\u00d3R<\/span><\/span><\/span><\/span><\/td>\n<\/tr>\n<tr valign=\"TOP\">\n<td width=\"23%\"><span style=\"color: #808080;\"><span style=\"font-family: Arial,sans-serif;\"><span style=\"font-size: small;\">ZAKRES:<\/span><\/span><\/span><\/td>\n<td width=\"77%\"><span style=\"color: #000000;\"><span style=\"font-family: Arial,sans-serif;\"><span style=\"font-size: small;\"><span style=\"color: #808080;\">WIZUALIZACJA Z PROPOZYCJ\u0104 ZMIAN W ELEWACJ<\/span><\/span><\/span><\/span><\/td>\n<\/tr>\n<tr valign=\"TOP\">\n<td width=\"23%\"><span style=\"color: #808080;\"><span style=\"font-family: Arial,sans-serif;\"><span style=\"font-size: small;\">WYKONANO DLA:<\/span><\/span><\/span><\/td>\n<td width=\"77%\"><span style=\"color: #000000;\"><span style=\"font-family: Arial,sans-serif;\"><span style=\"font-size: small;\"><span style=\"color: #808080;\">CONSTRUCTIVA SP. Z O.O<\/span><\/span><\/span><\/span><\/td>\n<\/tr>\n<tr valign=\"TOP\">\n<td width=\"23%\"><span style=\"color: #808080;\"><span style=\"font-family: Arial,sans-serif;\"><span style=\"font-size: small;\">REALIZACJA:<\/span><\/span><\/span><\/td>\n<td width=\"77%\"><span style=\"color: #000000;\"><span style=\"font-family: Arial,sans-serif;\"><span style=\"font-size: small;\"><span style=\"color: #808080;\">2016<\/span><\/span><\/span><\/span><\/td>\n<\/tr>\n<\/tbody>\n<\/table>\nngg_shortcode_0_placeholder\n","protected":false},"excerpt":{"rendered":"<p>&nbsp; OBIEKT: ROZBUDOWA BUDYNKU HANDLOWO-US\u0141UGOWEGO LOKALIZACJA: SUCHY DW\u00d3R ZAKRES: WIZUALIZACJA Z PROPOZYCJ\u0104 ZMIAN W ELEWACJ WYKONANO DLA: CONSTRUCTIVA SP. Z O.O REALIZACJA: 2016<\/p>\n","protected":false},"author":1,"featured_media":0,"parent":11,"menu_order":0,"comment_status":"closed","ping_status":"closed","template":"","meta":{"ngg_post_thumbnail":0,"footnotes":""},"class_list":["post-601","page","type-page","status-publish","hentry"],"_links":{"self":[{"href":"http:\/\/studioka1.pl\/index.php?rest_route=\/wp\/v2\/pages\/601","targetHints":{"allow":["GET"]}}],"collection":[{"href":"http:\/\/studioka1.pl\/index.php?rest_route=\/wp\/v2\/pages"}],"about":[{"href":"http:\/\/studioka1.pl\/index.php?rest_route=\/wp\/v2\/types\/page"}],"author":[{"embeddable":true,"href":"http:\/\/studioka1.pl\/index.php?rest_route=\/wp\/v2\/users\/1"}],"replies":[{"embeddable":true,"href":"http:\/\/studioka1.pl\/index.php?rest_route=%2Fwp%2Fv2%2Fcomments&post=601"}],"version-history":[{"count":8,"href":"http:\/\/studioka1.pl\/index.php?rest_route=\/wp\/v2\/pages\/601\/revisions"}],"predecessor-version":[{"id":760,"href":"http:\/\/studioka1.pl\/index.php?rest_route=\/wp\/v2\/pages\/601\/revisions\/760"}],"up":[{"embeddable":true,"href":"http:\/\/studioka1.pl\/index.php?rest_route=\/wp\/v2\/pages\/11"}],"wp:attachment":[{"href":"http:\/\/studioka1.pl\/index.php?rest_route=%2Fwp%2Fv2%2Fmedia&parent=601"}],"curies":[{"name":"wp","href":"https:\/\/api.w.org\/{rel}","templated":true}]}}