{"id":443,"date":"2016-12-14T20:59:06","date_gmt":"2016-12-14T19:59:06","guid":{"rendered":"http:\/\/studioka1.pl\/?page_id=443"},"modified":"2018-01-02T11:15:19","modified_gmt":"2018-01-02T10:15:19","slug":"oferta","status":"publish","type":"page","link":"http:\/\/studioka1.pl\/?page_id=443","title":{"rendered":"OFERTA"},"content":{"rendered":"<p>ARCHITEKTURA<\/p>\n<ul>\n<li style=\"text-align: left;\">Projekty koncepcyjne<\/li>\n<li style=\"text-align: left;\">Projekty budowlane<\/li>\n<li style=\"text-align: left;\">Projekty wykonawcze<\/li>\n<li style=\"text-align: left;\">Adaptacje projekt\u00f3w typowych<\/li>\n<li>Projekty termomodernizacji budynk\u00f3w<\/li>\n<li style=\"text-align: left;\">Prowadzenie inwestycji od strony procedur administracyjnych, uzgodnienia dokumentacji<\/li>\n<li style=\"text-align: left;\">Inwentaryzacje budowlane<\/li>\n<li style=\"text-align: left;\">Wizualizacje na potrzeby os\u00f3b prywatnych i deweloper\u00f3w<\/li>\n<li style=\"text-align: left;\">Wsp\u00f3\u0142praca ze specjalistami w bran\u017cach: konstrukcyjnej, instalacyjnej, drogowej.<\/li>\n<\/ul>\n<p>OGRODY<\/p>\n<ul>\n<li style=\"text-align: left;\">Projekty koncepcyjne<\/li>\n<li style=\"text-align: left;\">Projekty wykonawcze<\/li>\n<li>Projekty ma\u0142ej architektury<\/li>\n<li>Projekty nawierzchni<\/li>\n<li>Wsp\u00f3\u0142praca z wykonawcami&nbsp; w zakresie zak\u0142adania, piel\u0119gnacji ogrod\u00f3w,&nbsp; nawodnienia i o\u015bwietlenia.<\/li>\n<\/ul>\n","protected":false},"excerpt":{"rendered":"<p>ARCHITEKTURA Projekty koncepcyjne Projekty budowlane Projekty wykonawcze Adaptacje projekt\u00f3w typowych Projekty termomodernizacji budynk\u00f3w Prowadzenie inwestycji od strony procedur administracyjnych, uzgodnienia dokumentacji Inwentaryzacje budowlane Wizualizacje na potrzeby os\u00f3b prywatnych i deweloper\u00f3w Wsp\u00f3\u0142praca ze specjalistami w bran\u017cach:<a class=\"read-more\" href=\"http:\/\/studioka1.pl\/?page_id=443\">Continue reading<\/a><\/p>\n","protected":false},"author":1,"featured_media":0,"parent":0,"menu_order":0,"comment_status":"closed","ping_status":"closed","template":"","meta":{"ngg_post_thumbnail":0,"footnotes":""},"class_list":["post-443","page","type-page","status-publish","hentry"],"_links":{"self":[{"href":"http:\/\/studioka1.pl\/index.php?rest_route=\/wp\/v2\/pages\/443","targetHints":{"allow":["GET"]}}],"collection":[{"href":"http:\/\/studioka1.pl\/index.php?rest_route=\/wp\/v2\/pages"}],"about":[{"href":"http:\/\/studioka1.pl\/index.php?rest_route=\/wp\/v2\/types\/page"}],"author":[{"embeddable":true,"href":"http:\/\/studioka1.pl\/index.php?rest_route=\/wp\/v2\/users\/1"}],"replies":[{"embeddable":true,"href":"http:\/\/studioka1.pl\/index.php?rest_route=%2Fwp%2Fv2%2Fcomments&post=443"}],"version-history":[{"count":13,"href":"http:\/\/studioka1.pl\/index.php?rest_route=\/wp\/v2\/pages\/443\/revisions"}],"predecessor-version":[{"id":1128,"href":"http:\/\/studioka1.pl\/index.php?rest_route=\/wp\/v2\/pages\/443\/revisions\/1128"}],"wp:attachment":[{"href":"http:\/\/studioka1.pl\/index.php?rest_route=%2Fwp%2Fv2%2Fmedia&parent=443"}],"curies":[{"name":"wp","href":"https:\/\/api.w.org\/{rel}","templated":true}]}}